{"id":755,"date":"2021-06-24T09:45:29","date_gmt":"2021-06-24T09:45:29","guid":{"rendered":"https:\/\/huzeyfe-trade.com\/home\/"},"modified":"2025-01-08T08:58:11","modified_gmt":"2025-01-08T08:58:11","slug":"home","status":"publish","type":"page","link":"https:\/\/huzeyfe-trade.com\/tr\/","title":{"rendered":"Ana Sayfa"},"content":{"rendered":"\t\t<div data-elementor-type=\"wp-page\" data-elementor-id=\"755\" class=\"elementor elementor-755 elementor-15\" data-elementor-post-type=\"page\">\n\t\t\t\t\t\t<section class=\"elementor-section elementor-top-section elementor-element elementor-element-2a5f5e78 elementor-section-content-middle elementor-section-boxed elementor-section-height-default elementor-section-height-default\" data-id=\"2a5f5e78\" data-element_type=\"section\">\n\t\t\t\t\t\t<div class=\"elementor-container elementor-column-gap-no\">\n\t\t\t\t\t<div class=\"elementor-column elementor-col-100 elementor-top-column elementor-element elementor-element-38acfeb4\" data-id=\"38acfeb4\" data-element_type=\"column\">\n\t\t\t<div class=\"elementor-widget-wrap elementor-element-populated\">\n\t\t\t\t\t\t<div class=\"elementor-element elementor-element-6b2e50e8 elementor-invisible elementor-widget elementor-widget-heading\" data-id=\"6b2e50e8\" data-element_type=\"widget\" data-settings=\"{&quot;_animation&quot;:&quot;fadeInDown&quot;}\" data-widget_type=\"heading.default\">\n\t\t\t\t<div class=\"elementor-widget-container\">\n\t\t\t\t\t<h6 class=\"elementor-heading-title elementor-size-default\">Huzeyfe Uluslararas\u0131 \u015eirketi<\/h6>\t\t\t\t<\/div>\n\t\t\t\t<\/div>\n\t\t\t\t<div class=\"elementor-element elementor-element-5ee7f9d elementor-invisible elementor-widget elementor-widget-image\" data-id=\"5ee7f9d\" data-element_type=\"widget\" data-settings=\"{&quot;_animation&quot;:&quot;fadeInUp&quot;}\" data-widget_type=\"image.default\">\n\t\t\t\t<div class=\"elementor-widget-container\">\n\t\t\t\t\t\t\t\t\t\t\t\t\t\t\t<img decoding=\"async\" src=\"https:\/\/huzeyfe-trade.com\/wp-content\/uploads\/elementor\/thumbs\/logo-pgjhnh99ztnorj2iwyd7imwjtl4ne7oqnbxumlosjc.png\" title=\"logo\" alt=\"logo\" loading=\"lazy\" \/>\t\t\t\t\t\t\t\t\t\t\t\t\t\t\t<\/div>\n\t\t\t\t<\/div>\n\t\t\t\t\t<\/div>\n\t\t<\/div>\n\t\t\t\t\t<\/div>\n\t\t<\/section>\n\t\t\t\t<section class=\"elementor-section elementor-top-section elementor-element elementor-element-125c7699 elementor-section-content-middle elementor-section-boxed elementor-section-height-default elementor-section-height-default\" data-id=\"125c7699\" data-element_type=\"section\">\n\t\t\t\t\t\t<div class=\"elementor-container elementor-column-gap-no\">\n\t\t\t\t\t<div class=\"elementor-column elementor-col-100 elementor-top-column elementor-element elementor-element-17d6cf8f\" data-id=\"17d6cf8f\" data-element_type=\"column\">\n\t\t\t<div class=\"elementor-widget-wrap elementor-element-populated\">\n\t\t\t\t\t\t<section class=\"elementor-section elementor-inner-section elementor-element elementor-element-4cb62681 elementor-section-boxed elementor-section-height-default elementor-section-height-default\" data-id=\"4cb62681\" data-element_type=\"section\">\n\t\t\t\t\t\t<div class=\"elementor-container elementor-column-gap-wider\">\n\t\t\t\t\t<div class=\"elementor-column elementor-col-33 elementor-inner-column elementor-element elementor-element-4ba7cc19\" data-id=\"4ba7cc19\" data-element_type=\"column\">\n\t\t\t<div class=\"elementor-widget-wrap elementor-element-populated\">\n\t\t\t\t\t\t<div class=\"elementor-element elementor-element-b625953 elementor-position-top elementor-widget elementor-widget-image-box\" data-id=\"b625953\" data-element_type=\"widget\" data-widget_type=\"image-box.default\">\n\t\t\t\t<div class=\"elementor-widget-container\">\n\t\t\t\t\t<div class=\"elementor-image-box-wrapper\"><figure class=\"elementor-image-box-img\"><a href=\"\/tr\/turkey\" tabindex=\"-1\"><img decoding=\"async\" width=\"200\" height=\"173\" src=\"https:\/\/huzeyfe-trade.com\/wp-content\/uploads\/2021\/06\/turkey.png\" class=\"elementor-animation-pop attachment-full size-full wp-image-181\" alt=\"\" \/><\/a><\/figure><div class=\"elementor-image-box-content\"><h3 class=\"elementor-image-box-title\"><a href=\"\/tr\/turkey\">T\u00fcrkiye | Huzeyfe \u015eirketi<\/a><\/h3><p class=\"elementor-image-box-description\">\u0130thalat ve ihracat - g\u0131da maddeleri - genel ticaret<\/p><\/div><\/div>\t\t\t\t<\/div>\n\t\t\t\t<\/div>\n\t\t\t\t\t<\/div>\n\t\t<\/div>\n\t\t\t\t<div class=\"elementor-column elementor-col-33 elementor-inner-column elementor-element elementor-element-2c32c029\" data-id=\"2c32c029\" data-element_type=\"column\">\n\t\t\t<div class=\"elementor-widget-wrap elementor-element-populated\">\n\t\t\t\t\t\t<div class=\"elementor-element elementor-element-d9fa4cb elementor-position-top elementor-widget elementor-widget-image-box\" data-id=\"d9fa4cb\" data-element_type=\"widget\" data-widget_type=\"image-box.default\">\n\t\t\t\t<div class=\"elementor-widget-container\">\n\t\t\t\t\t<div class=\"elementor-image-box-wrapper\"><figure class=\"elementor-image-box-img\"><a href=\"\/tr\/syria\" tabindex=\"-1\"><img decoding=\"async\" width=\"200\" height=\"173\" src=\"https:\/\/huzeyfe-trade.com\/wp-content\/uploads\/2021\/06\/noun_under-construction_83526.png\" class=\"elementor-animation-pop attachment-full size-full wp-image-175\" alt=\"\" \/><\/a><\/figure><div class=\"elementor-image-box-content\"><h3 class=\"elementor-image-box-title\"><a href=\"\/tr\/syria\">Suriye | Zad \u015firketi<\/a><\/h3><p class=\"elementor-image-box-description\">\u0130n\u015faat, Taahh\u00fct, Genel Ticaret<\/p><\/div><\/div>\t\t\t\t<\/div>\n\t\t\t\t<\/div>\n\t\t\t\t\t<\/div>\n\t\t<\/div>\n\t\t\t\t<div class=\"elementor-column elementor-col-33 elementor-inner-column elementor-element elementor-element-2602e6d0\" data-id=\"2602e6d0\" data-element_type=\"column\">\n\t\t\t<div class=\"elementor-widget-wrap elementor-element-populated\">\n\t\t\t\t\t\t<div class=\"elementor-element elementor-element-99be94d elementor-position-top elementor-widget elementor-widget-image-box\" data-id=\"99be94d\" data-element_type=\"widget\" data-widget_type=\"image-box.default\">\n\t\t\t\t<div class=\"elementor-widget-container\">\n\t\t\t\t\t<div class=\"elementor-image-box-wrapper\"><figure class=\"elementor-image-box-img\"><a href=\"\/tr\/uganda\" tabindex=\"-1\"><img decoding=\"async\" width=\"200\" height=\"173\" src=\"https:\/\/huzeyfe-trade.com\/wp-content\/uploads\/2021\/06\/uganda-1.png\" class=\"elementor-animation-pop attachment-full size-full wp-image-179\" alt=\"\" \/><\/a><\/figure><div class=\"elementor-image-box-content\"><h3 class=\"elementor-image-box-title\"><a href=\"\/tr\/uganda\">Uganda | G\u0131da Maddeleri<\/a><\/h3><p class=\"elementor-image-box-description\">Kahve, susam, kaju f\u0131st\u0131\u011f\u0131 ithalat ve ihracat\u0131<\/p><\/div><\/div>\t\t\t\t<\/div>\n\t\t\t\t<\/div>\n\t\t\t\t\t<\/div>\n\t\t<\/div>\n\t\t\t\t\t<\/div>\n\t\t<\/section>\n\t\t\t\t\t<\/div>\n\t\t<\/div>\n\t\t\t\t\t<\/div>\n\t\t<\/section>\n\t\t\t\t<section class=\"elementor-section elementor-top-section elementor-element elementor-element-978f5d0 elementor-section-content-middle elementor-section-boxed elementor-section-height-default elementor-section-height-default\" data-id=\"978f5d0\" data-element_type=\"section\">\n\t\t\t\t\t\t<div class=\"elementor-container elementor-column-gap-default\">\n\t\t\t\t\t<div class=\"elementor-column elementor-col-33 elementor-top-column elementor-element elementor-element-8967910\" data-id=\"8967910\" data-element_type=\"column\">\n\t\t\t<div class=\"elementor-widget-wrap elementor-element-populated\">\n\t\t\t\t\t\t<div class=\"elementor-element elementor-element-518feb6 elementor-widget elementor-widget-image\" data-id=\"518feb6\" data-element_type=\"widget\" data-widget_type=\"image.default\">\n\t\t\t\t<div class=\"elementor-widget-container\">\n\t\t\t\t\t\t\t\t\t\t\t\t\t\t\t\t<a href=\"https:\/\/huzeyfe-trade.com\/en\">\n\t\t\t\t\t\t\t<img decoding=\"async\" src=\"https:\/\/huzeyfe-trade.com\/wp-content\/uploads\/elementor\/thumbs\/GB-United-Kingdom-Flag-icon-pgjhnfdl4m2775h6uq00eyc9zkmqql0a29i3zpnpg0.png\" title=\"GB-United-Kingdom-Flag-icon\" alt=\"GB-United-Kingdom-Flag-icon\" loading=\"lazy\" \/>\t\t\t\t\t\t\t\t<\/a>\n\t\t\t\t\t\t\t\t\t\t\t\t\t\t\t<\/div>\n\t\t\t\t<\/div>\n\t\t\t\t\t<\/div>\n\t\t<\/div>\n\t\t\t\t<div class=\"elementor-column elementor-col-33 elementor-top-column elementor-element elementor-element-7c68186\" data-id=\"7c68186\" data-element_type=\"column\">\n\t\t\t<div class=\"elementor-widget-wrap elementor-element-populated\">\n\t\t\t\t\t\t<div class=\"elementor-element elementor-element-7e347f4 elementor-widget elementor-widget-image\" data-id=\"7e347f4\" data-element_type=\"widget\" data-widget_type=\"image.default\">\n\t\t\t\t<div class=\"elementor-widget-container\">\n\t\t\t\t\t\t\t\t\t\t\t\t\t\t\t\t<a href=\"https:\/\/huzeyfe-trade.com\/tr\">\n\t\t\t\t\t\t\t<img decoding=\"async\" src=\"https:\/\/huzeyfe-trade.com\/wp-content\/uploads\/elementor\/thumbs\/TR-pgjhnefqxs0wvjik07ldugkte6rdivwjq4umifp3m8.png\" title=\"TR\" alt=\"TR\" loading=\"lazy\" \/>\t\t\t\t\t\t\t\t<\/a>\n\t\t\t\t\t\t\t\t\t\t\t\t\t\t\t<\/div>\n\t\t\t\t<\/div>\n\t\t\t\t\t<\/div>\n\t\t<\/div>\n\t\t\t\t<div class=\"elementor-column elementor-col-33 elementor-top-column elementor-element elementor-element-e4eeb5b\" data-id=\"e4eeb5b\" data-element_type=\"column\">\n\t\t\t<div class=\"elementor-widget-wrap elementor-element-populated\">\n\t\t\t\t\t\t<div class=\"elementor-element elementor-element-c0669eb elementor-widget elementor-widget-image\" data-id=\"c0669eb\" data-element_type=\"widget\" data-widget_type=\"image.default\">\n\t\t\t\t<div class=\"elementor-widget-container\">\n\t\t\t\t\t\t\t\t\t\t\t\t\t\t\t\t<a href=\"https:\/\/huzeyfe-trade.com\/\">\n\t\t\t\t\t\t\t<img decoding=\"async\" src=\"https:\/\/huzeyfe-trade.com\/wp-content\/uploads\/elementor\/thumbs\/SA-pgjhndhwqxzmjxjx5p6r9ytcssw0b6ste07515qhsg.png\" title=\"SA\" alt=\"SA\" loading=\"lazy\" \/>\t\t\t\t\t\t\t\t<\/a>\n\t\t\t\t\t\t\t\t\t\t\t\t\t\t\t<\/div>\n\t\t\t\t<\/div>\n\t\t\t\t\t<\/div>\n\t\t<\/div>\n\t\t\t\t\t<\/div>\n\t\t<\/section>\n\t\t\t\t<\/div>\n\t\t","protected":false},"excerpt":{"rendered":"<p>Huzeyfe Uluslararas\u0131 \u015eirketi T\u00fcrkiye | Huzeyfe \u015eirketi \u0130thalat ve ihracat &#8211; g\u0131da maddeleri &#8211; genel ticaret Suriye | Zad \u015firketi \u0130n\u015faat, Taahh\u00fct, Genel Ticaret Uganda | G\u0131da Maddeleri Kahve, susam, kaju f\u0131st\u0131\u011f\u0131 ithalat ve ihracat\u0131<\/p>\n","protected":false},"author":1,"featured_media":167,"parent":0,"menu_order":0,"comment_status":"closed","ping_status":"closed","template":"","meta":{"site-sidebar-layout":"no-sidebar","site-content-layout":"page-builder","ast-site-content-layout":"default","site-content-style":"default","site-sidebar-style":"default","ast-global-header-display":"","ast-banner-title-visibility":"","ast-main-header-display":"","ast-hfb-above-header-display":"","ast-hfb-below-header-display":"","ast-hfb-mobile-header-display":"","site-post-title":"disabled","ast-breadcrumbs-content":"","ast-featured-img":"disabled","footer-sml-layout":"","theme-transparent-header-meta":"default","adv-header-id-meta":"","stick-header-meta":"default","header-above-stick-meta":"","header-main-stick-meta":"","header-below-stick-meta":"","astra-migrate-meta-layouts":"default","ast-page-background-enabled":"default","ast-page-background-meta":{"desktop":{"background-color":"","background-image":"","background-repeat":"repeat","background-position":"center center","background-size":"auto","background-attachment":"scroll","background-type":"","background-media":"","overlay-type":"","overlay-color":"","overlay-opacity":"","overlay-gradient":""},"tablet":{"background-color":"","background-image":"","background-repeat":"repeat","background-position":"center center","background-size":"auto","background-attachment":"scroll","background-type":"","background-media":"","overlay-type":"","overlay-color":"","overlay-opacity":"","overlay-gradient":""},"mobile":{"background-color":"","background-image":"","background-repeat":"repeat","background-position":"center center","background-size":"auto","background-attachment":"scroll","background-type":"","background-media":"","overlay-type":"","overlay-color":"","overlay-opacity":"","overlay-gradient":""}},"ast-content-background-meta":{"desktop":{"background-color":"var(--ast-global-color-5)","background-image":"","background-repeat":"repeat","background-position":"center center","background-size":"auto","background-attachment":"scroll","background-type":"","background-media":"","overlay-type":"","overlay-color":"","overlay-opacity":"","overlay-gradient":""},"tablet":{"background-color":"var(--ast-global-color-5)","background-image":"","background-repeat":"repeat","background-position":"center center","background-size":"auto","background-attachment":"scroll","background-type":"","background-media":"","overlay-type":"","overlay-color":"","overlay-opacity":"","overlay-gradient":""},"mobile":{"background-color":"var(--ast-global-color-5)","background-image":"","background-repeat":"repeat","background-position":"center center","background-size":"auto","background-attachment":"scroll","background-type":"","background-media":"","overlay-type":"","overlay-color":"","overlay-opacity":"","overlay-gradient":""}},"footnotes":""},"class_list":["post-755","page","type-page","status-publish","has-post-thumbnail","hentry"],"_links":{"self":[{"href":"https:\/\/huzeyfe-trade.com\/tr\/wp-json\/wp\/v2\/pages\/755","targetHints":{"allow":["GET"]}}],"collection":[{"href":"https:\/\/huzeyfe-trade.com\/tr\/wp-json\/wp\/v2\/pages"}],"about":[{"href":"https:\/\/huzeyfe-trade.com\/tr\/wp-json\/wp\/v2\/types\/page"}],"author":[{"embeddable":true,"href":"https:\/\/huzeyfe-trade.com\/tr\/wp-json\/wp\/v2\/users\/1"}],"replies":[{"embeddable":true,"href":"https:\/\/huzeyfe-trade.com\/tr\/wp-json\/wp\/v2\/comments?post=755"}],"version-history":[{"count":3,"href":"https:\/\/huzeyfe-trade.com\/tr\/wp-json\/wp\/v2\/pages\/755\/revisions"}],"predecessor-version":[{"id":1057,"href":"https:\/\/huzeyfe-trade.com\/tr\/wp-json\/wp\/v2\/pages\/755\/revisions\/1057"}],"wp:featuredmedia":[{"embeddable":true,"href":"https:\/\/huzeyfe-trade.com\/tr\/wp-json\/wp\/v2\/media\/167"}],"wp:attachment":[{"href":"https:\/\/huzeyfe-trade.com\/tr\/wp-json\/wp\/v2\/media?parent=755"}],"curies":[{"name":"wp","href":"https:\/\/api.w.org\/{rel}","templated":true}]}}